{"id":3075,"date":"2019-01-29T15:28:41","date_gmt":"2019-01-29T20:28:41","guid":{"rendered":"http:\/\/www.tracc.ca\/?page_id=3075"},"modified":"2019-04-30T13:39:55","modified_gmt":"2019-04-30T17:39:55","slug":"recycle","status":"publish","type":"page","link":"https:\/\/www.tracc.ca\/fr\/recycle\/","title":{"rendered":"Pourquoi recycler les pneus?"},"content":{"rendered":"<p><!-- Global site tag (gtag.js) - Google Analytics --><br \/>\n<script async src=\"https:\/\/www.googletagmanager.com\/gtag\/js?id=UA-139315077-1\"><\/script><br \/>\n<script>\n  window.dataLayer = window.dataLayer || [];\n  function gtag(){dataLayer.push(arguments);}\n  gtag('js', new Date());<\/p>\n<p>  gtag('config', 'UA-139315077-1');\n<\/script><\/p>\n<div id=\"tm-row-69de31efbecc8\" data-vc-full-width=\"true\" data-vc-full-width-init=\"false\" class=\"vc_row vc_row-outer vc_row-fluid vc_row-o-content-middle vc_row-flex\"><div id=\"tm-column-69de31efc0171\" class=\"wpb_column vc_column_container vc_col-sm-12\"><div class=\"vc_column-inner\"><div class=\"wpb_wrapper\"><div class=\"tm-spacer\" id=\"tm-spacer-69de31efc0800\"><\/div>\n<\/div><\/div><\/div><\/div><div class=\"vc_row-full-width vc_clearfix\"><\/div><div id=\"tm-row-69de31efc1031\" data-vc-full-width=\"true\" data-vc-full-width-init=\"false\" class=\"vc_row vc_row-outer vc_row-fluid vc_row-o-content-middle vc_row-flex\"><div id=\"tm-column-69de31efc1be2\" class=\"wpb_column vc_column_container vc_col-sm-7\"><div class=\"vc_column-inner\"><div class=\"wpb_wrapper\">\n<div class=\"tm-heading with-separator-03 left tm-animation move-up\" id=\"tm-heading-69de31efc27ea\">\n\t<h3 class=\"heading\" >Pourquoi recycler les pneus?<\/h3><\/div>\n\n<div class=\"tm-spacer\" id=\"tm-spacer-69de31efc3464\"><\/div>\n\n<div class=\"tm-heading  left tm-animation move-up\" id=\"tm-heading-69de31efc3c87\">\n\t<div class=\"heading\" >Many of us are diligent in recycling our bottles, cans, paper, and electronics, but we don\u2019t often think about the impact that tires can have on landfills if they are not properly recycled. Due to their size and shape, tires that are not recycled take up unnecessary space in landfills.<\/p>\n<p>Recycling your used tires is an important step in keeping our planet healthy. After your tires are brought to our facility, we use them to create a variety of value-added products such as playground surfaces, mulch, and mats.<\/p>\n<p>If you have used tires that you\u2019re looking to get rid of, you can drop them off at a registered retailer in your area. If you have more than 50, give us a call and we\u2019ll schedule a time to pick them up.<\/p>\n<p>Looking for information on how to recycle other items such as oil, paint, and electronics? Click <a href=\"http:\/\/recyclenb.com\" target=\"_blank\">here<\/a> to visit Recycle NB to learn more.<\/div><\/div>\n\n<\/div><\/div><\/div><div id=\"tm-column-69de31efc5283\" class=\"wpb_column vc_column_container vc_col-sm-5\"><div class=\"vc_column-inner\"><div class=\"wpb_wrapper\"><div class=\"tm-image  tm-animation move-up\" id=\"tm-image-69de31efc5e62\">\n\t\t\t<div class=\"tm-light-gallery\"><a href=\"https:\/\/www.tracc.ca\/wp-content\/uploads\/2019\/01\/chasing_arrows.jpg\" class=\"zoom\"><div class=\"image\"><img src=\"https:\/\/www.tracc.ca\/wp-content\/uploads\/2019\/01\/chasing_arrows.jpg\" alt=\"\" \/><\/div><\/a><\/div>\t\t<\/div>\n<div class=\"tm-spacer\" id=\"tm-spacer-69de31efc7117\"><\/div>\n<\/div><\/div><\/div><\/div><div class=\"vc_row-full-width vc_clearfix\"><\/div><div id=\"tm-row-69de31efc7a80\" data-vc-full-width=\"true\" data-vc-full-width-init=\"false\" class=\"vc_row vc_row-outer vc_row-fluid\"><div id=\"tm-column-69de31efc8751\" class=\"wpb_column vc_column_container vc_col-sm-12\"><div class=\"vc_column-inner\"><div class=\"wpb_wrapper\"><div id=\"tm-row-inner-69de31efc94f6\" class=\"vc_row vc_inner vc_row-fluid\"><div id=\"tm-column-inner-69de31efca19e\" class=\"wpb_column vc_column_container vc_col-sm-4\"><div class=\"vc_column-inner\"><div class=\"wpb_wrapper\"><div class=\"tm-box-icon  style-2 tm-animation move-up\" id=\"tm-box-icon-69de31efcaad9\">\n\t\t<div class=\"content-wrap\">\n\n\t\t\t<div class=\"image\">\n\t\t\t<img src=\"\" alt=\"\" \/>\t\t<\/div>\n\t\n\t\n\t<div class=\"content\">\n\t\t<div class=\"box-header\">\n\t\t\t\t\t\t\t<h4 class=\"heading\">\n\t\t\t\t\t\n\t\t\t\t\t\tPourquoi recycler les pneus?\n\t\t\t\t\t\t\n\t\t\t\t<\/h4>\n\t\t\t\t\t<\/div>\n\n\t\t\t\t\t<div class=\"text\">Le recyclage de vos pneus us\u00e9s est une \u00e9tape importante pour la sant\u00e9 de notre plan\u00e8te.<\/div>\t\t\n\t\t\t\t\t\t<a class=\"tm-button style-text tm-box-icon__btn\"\n\t\t\t\t   href=\"#\"\n\t\t\t\t\t\t\t\t\t>\n\t\t\t\t\t<span class=\"button-text\">EN SAVOIR PLUS<\/span>\n\t\t\t\t\t<span class=\"button-icon ion-arrow-right-c\"><\/span>\n\t\t\t\t<\/a>\n\t\t\t\t<\/div>\n<\/div>\n<\/div>\n<\/div><\/div><\/div><div id=\"tm-column-inner-69de31efcd00b\" class=\"wpb_column vc_column_container vc_col-sm-4\"><div class=\"vc_column-inner\"><div class=\"wpb_wrapper\"><div class=\"tm-box-icon  style-2 tm-animation move-up\" id=\"tm-box-icon-69de31efcd92b\">\n\t\t<div class=\"content-wrap\">\n\n\t\t\t<div class=\"image\">\n\t\t\t<img src=\"\" alt=\"\" \/>\t\t<\/div>\n\t\n\t\n\t<div class=\"content\">\n\t\t<div class=\"box-header\">\n\t\t\t\t\t\t\t<h4 class=\"heading\">\n\t\t\t\t\t\n\t\t\t\t\t\tEngagement communautaire\n\t\t\t\t\t\t\n\t\t\t\t<\/h4>\n\t\t\t\t\t<\/div>\n\n\t\t\t\t\t<div class=\"text\">Au cours des plus de 20 ann\u00e9es qui se sont \u00e9coul\u00e9es depuis l\u2019\u00e9tablissement de la TRACC au Nouveau-Brunswick, nous avons form\u00e9 de nombreux partenariats solides au sein de notre\ncollectivit\u00e9 et \u00e0 l\u2019\u00e9chelle de la province.<\/div>\t\t\n\t\t\t\t\t\t<a class=\"tm-button style-text tm-box-icon__btn\"\n\t\t\t\t   href=\"https:\/\/www.tracc.ca\/fr\/community\/\"\n\t\t\t\t\t\t\t\t\t>\n\t\t\t\t\t<span class=\"button-text\">EN SAVOIR PLUS<\/span>\n\t\t\t\t\t<span class=\"button-icon ion-arrow-right-c\"><\/span>\n\t\t\t\t<\/a>\n\t\t\t\t<\/div>\n<\/div>\n<\/div>\n<\/div><\/div><\/div><div id=\"tm-column-inner-69de31efd01dd\" class=\"wpb_column vc_column_container vc_col-sm-4\"><div class=\"vc_column-inner\"><div class=\"wpb_wrapper\"><div class=\"tm-box-icon  style-2 tm-animation move-up\" id=\"tm-box-icon-69de31efd0a98\">\n\t\t<div class=\"content-wrap\">\n\n\t\t\t<div class=\"image\">\n\t\t\t<img src=\"\" alt=\"\" \/>\t\t<\/div>\n\t\n\t\n\t<div class=\"content\">\n\t\t<div class=\"box-header\">\n\t\t\t\t\t\t\t<h4 class=\"heading\">\n\t\t\t\t\t\t\t\t\t\t<a class=\"link-secret\" href=\"https:\/\/www.tracc.ca\/fr\/news\/\"\n\t\t\t\t\t\t\t\t\t\t\t>\n\t\t\t\t\t\t\n\t\t\t\t\t\tNouvelles\n\t\t\t\t\t\t\t\t\t\t\t<\/a>\n\t\t\t\t\n\t\t\t\t<\/h4>\n\t\t\t\t\t<\/div>\n\n\t\t\t\t\t<div class=\"text\">Restez au courant des derni\u00e8res informations sur l'actualit\u00e9 TRACC et les \u00e9v\u00e9nements dans votre r\u00e9gion et au-del\u00e0.<\/div>\t\t\n\t\t\t\t\t\t<a class=\"tm-button style-text tm-box-icon__btn\"\n\t\t\t\t   href=\"https:\/\/www.tracc.ca\/fr\/news\/\"\n\t\t\t\t\t\t\t\t\t>\n\t\t\t\t\t<span class=\"button-text\">EN SAVOIR PLUS<\/span>\n\t\t\t\t\t<span class=\"button-icon ion-arrow-right-c\"><\/span>\n\t\t\t\t<\/a>\n\t\t\t\t<\/div>\n<\/div>\n<\/div>\n<\/div><\/div><\/div><\/div><\/div><\/div><\/div><\/div><div class=\"vc_row-full-width vc_clearfix\"><\/div><div id=\"tm-row-69de31efd348c\" class=\"vc_row vc_row-outer vc_row-fluid\"><div id=\"tm-column-69de31efd4268\" class=\"wpb_column vc_column_container vc_col-sm-12\"><div class=\"vc_column-inner\"><div class=\"wpb_wrapper\">\n<div class=\"tm-heading with-separator-03 center tm-animation move-up\" id=\"tm-heading-69de31efd4fa8\">\n\t<div class=\"heading\" >Notre mission qui sauve le monde<\/div><\/div>\n\n\n<div class=\"tm-heading  center tm-animation move-up\" id=\"tm-heading-69de31efd60d5\">\n\t<h3 class=\"heading\" >Cr\u00e9ant des produits verts \u00e0 valeur ajout\u00e9e pour les march\u00e9s mondiaux<\/h3><\/div>\n\n<\/div><\/div><\/div><\/div>","protected":false},"excerpt":{"rendered":"window.dataLayer = window.dataLayer || []; function gtag(){dataLayer.push(arguments);} gtag('js', new Date()); gtag('config', 'UA-139315077-1'); Why Recycle Tires? Many of us are diligent in recycling our bottles, cans, paper, and electronics, but we don\u2019t often think about the impact that tires can have on landfills if they are not properly recycled. Due to their size and shape, tires that are not recycled take up unnecessary space in landfills. Recycling your used tires is an important step in keeping our planet healthy. After your tires are brought to our facility, we use them to create a variety of value-added products such as playground surfaces, mulch, and mats. If you have used tires that you\u2019re looking to get rid of, you can drop them off at a registered retailer in your area. If you have more than 50, give us a call and we\u2019ll schedule a time to pick them up. Looking for information on how to recycle other items such as oil, paint, and electronics? Click here to visit Recycle NB to learn more. Why Recycle Tires? Recycling your used tires is an important step in keeping our planet healthy. SEE MORE Community Involvement Throughout TRACC\u2019s more than 20 years of operations in New Brunswick, we\u2019ve developed many strong partnerships in our community and throughout the province. SEE MORE News &amp; Events Keep up-to-date with the latest info on TRACC news and events in your area and beyond. SEE MORE Our world-saving mission Creating Value-Added Green Products for World Markets","protected":false},"author":1,"featured_media":0,"parent":0,"menu_order":0,"comment_status":"closed","ping_status":"closed","template":"","meta":{"_mi_skip_tracking":false},"_links":{"self":[{"href":"https:\/\/www.tracc.ca\/fr\/wp-json\/wp\/v2\/pages\/3075"}],"collection":[{"href":"https:\/\/www.tracc.ca\/fr\/wp-json\/wp\/v2\/pages"}],"about":[{"href":"https:\/\/www.tracc.ca\/fr\/wp-json\/wp\/v2\/types\/page"}],"author":[{"embeddable":true,"href":"https:\/\/www.tracc.ca\/fr\/wp-json\/wp\/v2\/users\/1"}],"replies":[{"embeddable":true,"href":"https:\/\/www.tracc.ca\/fr\/wp-json\/wp\/v2\/comments?post=3075"}],"version-history":[{"count":23,"href":"https:\/\/www.tracc.ca\/fr\/wp-json\/wp\/v2\/pages\/3075\/revisions"}],"predecessor-version":[{"id":3464,"href":"https:\/\/www.tracc.ca\/fr\/wp-json\/wp\/v2\/pages\/3075\/revisions\/3464"}],"wp:attachment":[{"href":"https:\/\/www.tracc.ca\/fr\/wp-json\/wp\/v2\/media?parent=3075"}],"curies":[{"name":"wp","href":"https:\/\/api.w.org\/{rel}","templated":true}]}}