{"id":426,"date":"2018-07-23T06:54:44","date_gmt":"2018-07-23T10:54:44","guid":{"rendered":"http:\/\/www.tracc.ca\/f-a-qs\/"},"modified":"2019-06-04T09:21:38","modified_gmt":"2019-06-04T13:21:38","slug":"faq","status":"publish","type":"page","link":"https:\/\/www.tracc.ca\/fr\/faq\/","title":{"rendered":"Answers to Your Questions"},"content":{"rendered":"<div id=\"tm-row-69e61dc8428b7\" class=\"vc_row vc_row-outer vc_row-fluid\"><div id=\"tm-column-69e61dc843d44\" class=\"wpb_column vc_column_container vc_col-sm-12 vc_col-lg-8\"><div class=\"vc_column-inner\"><div class=\"wpb_wrapper\"><div class=\"tm-accordion  style-1 tm-animation move-up\" id=\"tm-accordion-69e61dc8446c7\"\n\t>\n\t\n\t\t<div class=\"accordion-section active\">\n\t\t\t\t\t\t\t<div class=\"accordion-title-wrapper\">\n\t\t\t\t\t<h6 class=\"accordion-title\">Combien de pneus hors d'usage TRACC r\u00e9cup\u00e8re-t-il pour le recyclage \u00e0 valeur ajout\u00e9e au Nouveau-Brunswick?<span\n\t\t\t\t\t\t\tclass=\"accordion-icon\"><\/span><\/h6>\n\t\t\t\t<\/div>\n\t\t\t\t\t\t<div class=\"accordion-content\">\n\t\t\t\t\t\t\t\t\tTRACC's advanced tire shredding and crumbing technology recaptures more useable rubber today than ever before. Since full-scale tire recycling began in the Province, vehicle manufacturers have been gradually increasing their tire size specifications and the percentage of light trucks and SUV's in the overall automotive market has risen as well. \n\nThe number of scrap tires received annually from within New Brunswick at our plant gates totals roughly 1,200,000 PTE's (passenger tire equivalents).\t\t\t\t\t\t\t<\/div>\n\t\t<\/div>\n\t\t\n\t\t<div class=\"accordion-section\">\n\t\t\t\t\t\t\t<div class=\"accordion-title-wrapper\">\n\t\t\t\t\t<h6 class=\"accordion-title\">La TRACC fabrique-t-elle r\u00e9guli\u00e8rement des morceaux de caoutchouc pour les ventes en vrac?<span\n\t\t\t\t\t\t\tclass=\"accordion-icon\"><\/span><\/h6>\n\t\t\t\t<\/div>\n\t\t\t\t\t\t<div class=\"accordion-content\">\n\t\t\t\t\t\t\t\t\tLa demande pour nos divers produits de caoutchouc recycl\u00e9 signifie que toute la poudrette de caoutchouc que nous g\u00e9n\u00e9rons est d\u00e9j\u00e0 destin\u00e9e \u00e0 des lignes de production internes ici chez TRACC. Cependant, nous pouvons organiser \u00e0 l\u2019avance la production de produits sp\u00e9cifiques pour les commandes importantes.\t\t\t\t\t\t\t<\/div>\n\t\t<\/div>\n\t\t\n\t\t<div class=\"accordion-section\">\n\t\t\t\t\t\t\t<div class=\"accordion-title-wrapper\">\n\t\t\t\t\t<h6 class=\"accordion-title\">Au-del\u00e0 de la fabrication de produits recycl\u00e9s sp\u00e9cifiques, TRACC peut-il r\u00e9pondre \u00e0 des commandes sp\u00e9ciales ou fournir des services de conseil li\u00e9s au recyclage?<span\n\t\t\t\t\t\t\tclass=\"accordion-icon\"><\/span><\/h6>\n\t\t\t\t<\/div>\n\t\t\t\t\t\t<div class=\"accordion-content\">\n\t\t\t\t\t\t\t\t\tLa TRACC a particip\u00e9 \u00e0 un certain nombre de projets sur commande sp\u00e9ciale au fil des ans, notamment la production d'agr\u00e9gats de d\u00e9chiquetage de pneus destin\u00e9s \u00e0 la construction de routes. Les grands volumes de mat\u00e9riaux finis requis pour de telles op\u00e9rations de grande envergure exigent toutefois une planification pr\u00e9alable tr\u00e8s pouss\u00e9e, ainsi qu\u2019une ressource sp\u00e9cialement con\u00e7ue pour les pneus us\u00e9s.\n\nFort de son exp\u00e9rience de plusieurs d\u00e9cennies sur le terrain, TRACC est toujours pr\u00eat \u00e0 fournir une gamme de services de conseil aux organisations ou entreprises qui envisagent de se recycler \u00e0 une \u00e9chelle industrielle.\t\t\t\t\t\t\t<\/div>\n\t\t<\/div>\n\t\t\n\t\t<div class=\"accordion-section\">\n\t\t\t\t\t\t\t<div class=\"accordion-title-wrapper\">\n\t\t\t\t\t<h6 class=\"accordion-title\">Les produits TRACC sont-ils disponibles pour les clients de d\u00e9tail et les march\u00e9s de gros?<span\n\t\t\t\t\t\t\tclass=\"accordion-icon\"><\/span><\/h6>\n\t\t\t\t<\/div>\n\t\t\t\t\t\t<div class=\"accordion-content\">\n\t\t\t\t\t\t\t\t\tLa majorit\u00e9 des produits TRACC sont disponibles pour les consommateurs nord-am\u00e9ricains par l\u2019interm\u00e9diaire de points de vente ou d\u2019entrepreneurs ind\u00e9pendants au niveau local. Pour savoir o\u00f9 trouver nos produits de qualit\u00e9 dans votre communaut\u00e9, envoyez-nous un courriel \u00e0 info@tracc.ca. Une gamme de contrats de gros couvre la disponibilit\u00e9 des produits TRACC sur les march\u00e9s \u00e9trangers, tandis que nos matelas de b\u00e9tail sont disponibles exclusivement aupr\u00e8s de Pro-Mat Ltd., Woodstock, Ontario, Canada.\t\t\t\t\t\t\t<\/div>\n\t\t<\/div>\n\t\t\n\t\t<div class=\"accordion-section\">\n\t\t\t\t\t\t\t<div class=\"accordion-title-wrapper\">\n\t\t\t\t\t<h6 class=\"accordion-title\">O\u00f9 puis-je trouver des informations suppl\u00e9mentaires sur le recyclage au Nouveau-Brunswick?<span\n\t\t\t\t\t\t\tclass=\"accordion-icon\"><\/span><\/h6>\n\t\t\t\t<\/div>\n\t\t\t\t\t\t<div class=\"accordion-content\">\n\t\t\t\t\t\t\t\t\tDes documents de r\u00e9f\u00e9rence complets sur le recyclage dans toute la province sont disponibles sur le Web aupr\u00e8s de Recycle NB \u00e0 l\u2019adresse: www.recyclenb.com\t\t\t\t\t\t\t<\/div>\n\t\t<\/div>\n\t\t<\/div>\n<div class=\"tm-spacer\" id=\"tm-spacer-69e61dc844c16\"><\/div>\n<\/div><\/div><\/div><div id=\"tm-column-69e61dc8451bf\" class=\"wpb_column vc_column_container vc_col-sm-12 vc_col-lg-4\"><div class=\"vc_column-inner\"><div class=\"wpb_wrapper\"><div class=\"tm-image  tm-animation move-up\" id=\"tm-image-69e61dc84590d\">\n\t\t\t<div class=\"image\"><img src=\"https:\/\/www.tracc.ca\/wp-content\/uploads\/2019\/01\/powdered_rubber.jpg\" alt=\"\" \/><\/div>\t\t<\/div>\n<\/div><\/div><\/div><\/div>","protected":false},"excerpt":{"rendered":"How many scrap tires does TRACC recapture for value-added recycling in New Brunswick? TRACC's advanced tire shredding and crumbing technology recaptures more useable rubber today than ever before. Since full-scale tire recycling began in the Province, vehicle manufacturers have been gradually increasing their tire size specifications and the percentage of light trucks and SUV's in the overall automotive market has risen as well. The number of scrap tires received annually from within New Brunswick at our plant gates totals roughly 1,200,000 PTE's (passenger tire equivalents). Does TRACC routinely manufacture rubber crumb for bulk sales? Demand for our various recycled rubber products means all the rubber crumb we generate is already destined for in-house production lines here at TRACC. However, we can arrange in advance to produce specific products for large custom orders. Beyond the manufacture of specific recycled products, can TRACC respond to special orders or provide consulting services related to recycling? TRACC has been involved in a number of special order projects over the years, including production of tire shred aggregate for use in highway construction. The large volumes of finished material required for such major operations demands extensive advance planning, however, as well as a specially-designated scrap tire resource. Backed by decades of hands-on experience in the field, TRACC is always ready to provide a range of consulting services to organizations or enterprises considering a move into recycling on an industrial scale. Are TRACC products available to retail customers as well as wholesale markets? The majority of TRACC products are available to North-American consumers through retail outlets or independent contractors at the local level. For information on where to find our quality products in your community, just email us at info@tracc.ca. A range of wholesale contracts cover TRACC product availability in overseas markets, while our livestock mattresses are available exclusively from Pro-Mat Ltd., Woodstock, Ontario, Canada. Where can I find additional information on recycling in New Brunswick? Comprehensive reference material on recycling throughout the Province is available on the web from Recycle NB at: www.recyclenb.com","protected":false},"author":1,"featured_media":0,"parent":0,"menu_order":0,"comment_status":"closed","ping_status":"closed","template":"","meta":{"_mi_skip_tracking":false},"_links":{"self":[{"href":"https:\/\/www.tracc.ca\/fr\/wp-json\/wp\/v2\/pages\/426"}],"collection":[{"href":"https:\/\/www.tracc.ca\/fr\/wp-json\/wp\/v2\/pages"}],"about":[{"href":"https:\/\/www.tracc.ca\/fr\/wp-json\/wp\/v2\/types\/page"}],"author":[{"embeddable":true,"href":"https:\/\/www.tracc.ca\/fr\/wp-json\/wp\/v2\/users\/1"}],"replies":[{"embeddable":true,"href":"https:\/\/www.tracc.ca\/fr\/wp-json\/wp\/v2\/comments?post=426"}],"version-history":[{"count":13,"href":"https:\/\/www.tracc.ca\/fr\/wp-json\/wp\/v2\/pages\/426\/revisions"}],"predecessor-version":[{"id":3702,"href":"https:\/\/www.tracc.ca\/fr\/wp-json\/wp\/v2\/pages\/426\/revisions\/3702"}],"wp:attachment":[{"href":"https:\/\/www.tracc.ca\/fr\/wp-json\/wp\/v2\/media?parent=426"}],"curies":[{"name":"wp","href":"https:\/\/api.w.org\/{rel}","templated":true}]}}