{"id":833,"date":"2018-08-01T06:43:10","date_gmt":"2018-08-01T10:43:10","guid":{"rendered":"http:\/\/www.tracc.ca\/product\/rapid-heat-ceramic-glue-gun\/"},"modified":"2019-12-06T21:53:29","modified_gmt":"2019-12-07T01:53:29","slug":"shred","status":"publish","type":"product","link":"https:\/\/www.tracc.ca\/fr\/produit\/shred\/","title":{"rendered":"D\u00e9chiquetage et copeaux"},"content":{"rendered":"<p>Le mat\u00e9riau de remplissage fait d\u2019agr\u00e9gat granulaire d\u00e9riv\u00e9 de pneus est l\u2019un des usages connaissant la croissance la plus rapide dans le domaine du d\u00e9chiquetage des pneus. En Am\u00e9rique du Nord et ailleurs dans le monde, les copeaux de pneus d\u00e9chiquet\u00e9s sont devenus une option plus int\u00e9ressante sur le plan environnemental que le mat\u00e9riau de remplissage naturel. Il s\u2019agit d\u2019une solution \u00e9conomique qui contribue \u00e0 r\u00e9duire l\u2019endommagement et la d\u00e9gradation des routes et qui am\u00e9liore l\u2019isolation autour des nouvelles fondations, en plus d\u2019att\u00e9nuer le bruit et la vibration sur les autoroutes et les voies ferroviaires.<\/p>\n<p>Cette solution est beaucoup plus durable que les options faisant usage de mat\u00e9riau de remplissage naturel. L\u2019agr\u00e9gat granulaire d\u00e9riv\u00e9 de pneus prolonge la vie des projets, en r\u00e9duit les co\u00fbts et r\u00e9duit l\u2019usage de ressources naturelles. Nos copeaux ont \u00e9t\u00e9 \u00e9prouv\u00e9s et se conforment \u00e0 la norme de l\u2019ASTM pour l\u2019agr\u00e9gat granulaire d\u00e9riv\u00e9 de pneus destin\u00e9 au remplissage.<\/p>\n<p>Communiquez avec nous d\u00e8s aujourd\u2019hui pour plus d\u2019information sur nos copeaux de pneus d\u00e9chiquet\u00e9s de haute qualit\u00e9. Nous nous ferons un plaisir de vous aider! <a href=\"https:\/\/www.tracc.ca\/fr\/contact-us\/\">Contactez-Nous<\/a> today! We\u2019re more than happy to help any way we can.<\/p>","protected":false},"excerpt":{"rendered":"<p>Nos installations de d\u00e9chiquetage de pointe produisent des copeaux de pneus de haute qualit\u00e9 r\u00e9pondant aux normes les plus rigoureuses de l\u2019industrie. Le produit de caoutchouc recycl\u00e9 est enti\u00e8rement fait \u00e0 partir de pneus d\u00e9chiquet\u00e9s pour un usage tant dans des projets de remplissage \u00e0 grande \u00e9chelle que de plus petits projets n\u00e9cessitant de l\u2019agr\u00e9gat granulaire d\u00e9riv\u00e9 de pneus<\/p>","protected":false},"featured_media":3348,"template":"","meta":{"_mi_skip_tracking":false},"_links":{"self":[{"href":"https:\/\/www.tracc.ca\/fr\/wp-json\/wp\/v2\/product\/833"}],"collection":[{"href":"https:\/\/www.tracc.ca\/fr\/wp-json\/wp\/v2\/product"}],"about":[{"href":"https:\/\/www.tracc.ca\/fr\/wp-json\/wp\/v2\/types\/product"}],"wp:featuredmedia":[{"embeddable":true,"href":"https:\/\/www.tracc.ca\/fr\/wp-json\/wp\/v2\/media\/3348"}],"wp:attachment":[{"href":"https:\/\/www.tracc.ca\/fr\/wp-json\/wp\/v2\/media?parent=833"}],"curies":[{"name":"wp","href":"https:\/\/api.w.org\/{rel}","templated":true}]}}