{"id":837,"date":"2018-08-01T06:43:25","date_gmt":"2018-08-01T10:43:25","guid":{"rendered":"http:\/\/www.tracc.ca\/product\/generator-wheel-kit\/"},"modified":"2019-12-06T21:50:39","modified_gmt":"2019-12-07T01:50:39","slug":"3-8-inch-premium-crumb","status":"publish","type":"product","link":"https:\/\/www.tracc.ca\/fr\/produit\/3-8-inch-premium-crumb\/","title":{"rendered":"Granulat de 0,95 cm (3\/8 po) de premi\u00e8re qualit\u00e9"},"content":{"rendered":"<p>Fait de caoutchouc recycl\u00e9 de premi\u00e8re qualit\u00e9, notre granulat de 0,95 cm ne contient absolument aucun acier, fibre ni autre mat\u00e9riau \u00e9tranger. De texture souple et durable, le produit ne se d\u00e9sagr\u00e8ge pas avec le temps, faisant de lui un mat\u00e9riau id\u00e9al pour les syst\u00e8mes de drainage, le remplissage et d\u2019autres projets exigeant des solutions \u00e0 long terme.<\/p>\n<p>Le caoutchouc r\u00e9siste aux temp\u00e9ratures glaciales, assurant ainsi une tr\u00e8s longue durabilit\u00e9. C\u2019est aussi la raison pour laquelle ce granulat est de plus en plus utilis\u00e9 dans les all\u00e9es et les sentiers. D\u00e8s que le soleil frappe le produit, il se r\u00e9chauffe facilitant ainsi la fonte de la glace qui pourrait s\u2019y \u00eatre form\u00e9e.<\/p>\n<p>Communiquez avec nous d\u00e8s aujourd\u2019hui pour plus d\u2019information sur notre granulat de 0,95 cm de premi\u00e8re qualit\u00e9. Nous nous ferons un plaisir de vous aider! <a href=\"https:\/\/www.tracc.ca\/fr\/contact-us\/\">Contactez-Nous<\/a> today! We\u2019re more than happy to help any way we can.<\/p>","protected":false},"excerpt":{"rendered":"<p>Ce granulat de caoutchouc de premi\u00e8re qualit\u00e9 est id\u00e9al pour remplacer la pierre concass\u00e9e dans les all\u00e9es et les sentiers, les man\u00e8ges \u00e9questres, les sentiers pour voiturettes de golf, et plus encore. L\u00e9ger, mais dense, ce produit est utilis\u00e9 comme mat\u00e9riau de remplissage ou d\u2019a\u00e9ration et se pr\u00eate \u00e0 de nombreuses autres applications qui requi\u00e8rent typiquement de la pierre concass\u00e9e.<\/p>","protected":false},"featured_media":3346,"template":"","meta":{"_mi_skip_tracking":false},"_links":{"self":[{"href":"https:\/\/www.tracc.ca\/fr\/wp-json\/wp\/v2\/product\/837"}],"collection":[{"href":"https:\/\/www.tracc.ca\/fr\/wp-json\/wp\/v2\/product"}],"about":[{"href":"https:\/\/www.tracc.ca\/fr\/wp-json\/wp\/v2\/types\/product"}],"wp:featuredmedia":[{"embeddable":true,"href":"https:\/\/www.tracc.ca\/fr\/wp-json\/wp\/v2\/media\/3346"}],"wp:attachment":[{"href":"https:\/\/www.tracc.ca\/fr\/wp-json\/wp\/v2\/media?parent=837"}],"curies":[{"name":"wp","href":"https:\/\/api.w.org\/{rel}","templated":true}]}}