{"id":847,"date":"2018-08-01T06:43:55","date_gmt":"2018-08-01T10:43:55","guid":{"rendered":"http:\/\/www.tracc.ca\/product\/multi-tacker\/"},"modified":"2023-05-11T13:51:44","modified_gmt":"2023-05-11T16:51:44","slug":"rubber-matting","status":"publish","type":"product","link":"https:\/\/www.tracc.ca\/fr\/produit\/rubber-matting\/","title":{"rendered":"Tapis et rev\u00eatement de sol en caoutchouc"},"content":{"rendered":"<p>Gr\u00e2ce \u00e0 leur conception durable, nos tapis en caoutchouc ToughLoc sont un chef de file au Canada atlantique pour l\u2019usage industriel, qu\u2019il s\u2019agisse de gymnases, garages ou boxes \u00e0 chevaux. Taill\u00e9e sur mesure, chaque pi\u00e8ce s\u2019embo\u00eete \u00e0 la perfection et est adapt\u00e9e \u00e0 vos dimensions sans compromettre l\u2019apparence ni la qualit\u00e9. En plus des coupes rectilignes ou embo\u00eet\u00e9es, nous offrons des concepts, des formes et de la gravure sur mesure.<\/p>\n<p>Communiquez avec nous d\u00e8s aujourd\u2019hui pour plus d\u2019information sur nos tapis en caoutchouc ToughLoc. Nous nous ferons un plaisir de vous aider!<a href=\"https:\/\/www.tracc.ca\/fr\/contact-us\/\"> Contactez-Nous<\/a> today! We\u2019re more than happy to help any way we can.<\/p>","protected":false},"excerpt":{"rendered":"<p>Ideal for horse stalls, gym floors, and anti-fatigue mats, our ToughLoc Rubber Mats are available in 3\/4\u2033 thicknesses. Available in interlocking edges, straight edges, and custom designs to fit your area perfectly. Our rubber mats will add long-lasting protection to any surface they\u2019re used on while adding an extra layer of comfort to help relieve lower back and limb stress.<\/p>","protected":false},"featured_media":3223,"template":"","meta":{"_mi_skip_tracking":false},"_links":{"self":[{"href":"https:\/\/www.tracc.ca\/fr\/wp-json\/wp\/v2\/product\/847"}],"collection":[{"href":"https:\/\/www.tracc.ca\/fr\/wp-json\/wp\/v2\/product"}],"about":[{"href":"https:\/\/www.tracc.ca\/fr\/wp-json\/wp\/v2\/types\/product"}],"wp:featuredmedia":[{"embeddable":true,"href":"https:\/\/www.tracc.ca\/fr\/wp-json\/wp\/v2\/media\/3223"}],"wp:attachment":[{"href":"https:\/\/www.tracc.ca\/fr\/wp-json\/wp\/v2\/media?parent=847"}],"curies":[{"name":"wp","href":"https:\/\/api.w.org\/{rel}","templated":true}]}}